{"id":10,"date":"2015-06-06T11:53:13","date_gmt":"2015-06-06T10:53:13","guid":{"rendered":"http:\/\/192.168.1.13\/sevestre\/?page_id=10"},"modified":"2018-03-25T11:31:32","modified_gmt":"2018-03-25T09:31:32","slug":"accueil","status":"publish","type":"page","link":"https:\/\/www.defil-enaiguille.fr\/","title":{"rendered":"Accueil"},"content":{"rendered":"<h3 style=\"text-align: center;\"><em><span style=\"text-decoration: underline;\"><span style=\"color: #993366; text-decoration: underline;\">Couture, retouche et confections de rideaux- Nathalie Sevestre<\/span><\/span><\/em><\/h3>\n<p style=\"text-align: center;\">Je\u00a0vous accueille depuis\u00a0<strong>2008<\/strong> dans mon\u00a0atelier de couture situ\u00e9 en Alsace dans le Haut-Rhin \u00e0 <em>Seppois le Haut dans le Sundgau<\/em>.<\/p>\n<p style=\"text-align: center;\">Je suis \u00e0 votre disposition pour la r\u00e9alisation de divers travaux de coutures comme vos ourlets, \u00a0la r\u00e9paration et la modification de vos v\u00eatements, ainsi que vos fermetures.<\/p>\n<p style=\"text-align: center;\">De plus, je peux confectionner pour vous : rideaux, stores, parois japonaises, galettes de chaises,\u00a0jet\u00e9s de lit&#8230; Je me d\u00e9place \u00e0 votre domicile pour prendre les mesures et r\u00e9alise votre devis gratuitement.<\/p>\n<p style=\"text-align: center;\">Pour tout autres travaux sp\u00e9ciaux, venez \u00e0 l&rsquo;atelier <strong>De fil en aiguille<\/strong>, je suis l\u00e0 pour vous conseiller.<\/p>\n<div style=\"text-align: center;\"><span id=\"lblShareLinkSingle\" class=\"copycode\"><div class=\"epyt-video-wrapper\"><iframe loading=\"lazy\"  id=\"_ytid_42815\"  width=\"480\" height=\"270\"  data-origwidth=\"480\" data-origheight=\"270\" src=\"https:\/\/www.youtube.com\/embed\/fQQOOArIvZo?enablejsapi=1&autoplay=0&cc_load_policy=0&cc_lang_pref=&iv_load_policy=1&loop=0&rel=1&fs=1&playsinline=0&autohide=2&theme=dark&color=red&controls=1&disablekb=0&\" class=\"__youtube_prefs__  no-lazyload\" title=\"YouTube player\"  allow=\"fullscreen; accelerometer; autoplay; clipboard-write; encrypted-media; gyroscope; picture-in-picture; web-share\" referrerpolicy=\"strict-origin-when-cross-origin\" allowfullscreen data-no-lazy=\"1\" data-skipgform_ajax_framebjll=\"\"><\/iframe><\/div><\/span><\/div>\n<div><\/div>\n<div><\/div>\n<div><\/div>\n","protected":false},"excerpt":{"rendered":"<p>Couture, retouche et confections de rideaux- Nathalie Sevestre Je\u00a0vous accueille depuis\u00a02008 dans mon\u00a0atelier de couture situ\u00e9 en Alsace dans le Haut-Rhin \u00e0 Seppois le Haut dans le Sundgau. Je suis \u00e0 votre disposition pour la r\u00e9alisation de divers travaux de coutures comme vos ourlets, \u00a0la r\u00e9paration et la modification de vos v\u00eatements, ainsi que vos [&hellip;]<\/p>\n","protected":false},"author":1,"featured_media":0,"parent":0,"menu_order":0,"comment_status":"closed","ping_status":"closed","template":"","meta":{"footnotes":""},"class_list":["post-10","page","type-page","status-publish","hentry"],"_links":{"self":[{"href":"https:\/\/www.defil-enaiguille.fr\/index.php\/wp-json\/wp\/v2\/pages\/10","targetHints":{"allow":["GET"]}}],"collection":[{"href":"https:\/\/www.defil-enaiguille.fr\/index.php\/wp-json\/wp\/v2\/pages"}],"about":[{"href":"https:\/\/www.defil-enaiguille.fr\/index.php\/wp-json\/wp\/v2\/types\/page"}],"author":[{"embeddable":true,"href":"https:\/\/www.defil-enaiguille.fr\/index.php\/wp-json\/wp\/v2\/users\/1"}],"replies":[{"embeddable":true,"href":"https:\/\/www.defil-enaiguille.fr\/index.php\/wp-json\/wp\/v2\/comments?post=10"}],"version-history":[{"count":24,"href":"https:\/\/www.defil-enaiguille.fr\/index.php\/wp-json\/wp\/v2\/pages\/10\/revisions"}],"predecessor-version":[{"id":327,"href":"https:\/\/www.defil-enaiguille.fr\/index.php\/wp-json\/wp\/v2\/pages\/10\/revisions\/327"}],"wp:attachment":[{"href":"https:\/\/www.defil-enaiguille.fr\/index.php\/wp-json\/wp\/v2\/media?parent=10"}],"curies":[{"name":"wp","href":"https:\/\/api.w.org\/{rel}","templated":true}]}}