{"id":2,"date":"2015-06-06T11:07:44","date_gmt":"2015-06-06T09:07:44","guid":{"rendered":"http:\/\/192.168.1.13\/sevestre\/?page_id=2"},"modified":"2016-04-30T17:25:19","modified_gmt":"2016-04-30T15:25:19","slug":"p-2","status":"publish","type":"page","link":"https:\/\/www.defil-enaiguille.fr\/index.php\/p-2\/","title":{"rendered":"Heures d&rsquo;ouverture"},"content":{"rendered":"<table style=\"height: 302px;\" border=\"1\" width=\"486\">\n<caption>\u00a0<\/caption>\n<tbody>\n<tr>\n<th><\/th>\n<th style=\"text-align: center;\">Matin<\/th>\n<th style=\"text-align: center;\">Apr\u00e8s-midi<\/th>\n<\/tr>\n<tr>\n<th>Lundi<\/th>\n<td style=\"text-align: center;\">Ferm\u00e9<\/td>\n<td style=\"text-align: center;\">Ferm\u00e9<\/td>\n<\/tr>\n<tr>\n<th>Mardi<\/th>\n<td style=\"text-align: center;\">Ferm\u00e9<\/td>\n<td style=\"text-align: center;\">16H-19H<\/td>\n<\/tr>\n<tr>\n<th>Mercredi<\/th>\n<td style=\"text-align: center;\">Ferm\u00e9<\/td>\n<td style=\"text-align: center;\">16H-19H<\/td>\n<\/tr>\n<tr>\n<th>Jeudi<\/th>\n<td style=\"text-align: center;\">Ferm\u00e9<\/td>\n<td style=\"text-align: center;\">16H-19H<\/td>\n<\/tr>\n<tr>\n<th>Vendredi<\/th>\n<td style=\"text-align: center;\">Ferm\u00e9<\/td>\n<td style=\"text-align: center;\">16H-19H<\/td>\n<\/tr>\n<tr>\n<th>Samedi<\/th>\n<td style=\"text-align: center;\">8H30-12H30<\/td>\n<td style=\"text-align: center;\">Ferm\u00e9<\/td>\n<\/tr>\n<tr>\n<th>Dimanche<\/th>\n<td style=\"text-align: center;\">Ferm\u00e9<\/td>\n<td style=\"text-align: center;\">Ferm\u00e9<\/td>\n<\/tr>\n<\/tbody>\n<\/table>\n<p style=\"text-align: center;\"><strong>Ou \u00e9galement sur rendez-vous<\/strong><\/p>\n","protected":false},"excerpt":{"rendered":"<p>\u00a0 Matin Apr\u00e8s-midi Lundi Ferm\u00e9 Ferm\u00e9 Mardi Ferm\u00e9 16H-19H Mercredi Ferm\u00e9 16H-19H Jeudi Ferm\u00e9 16H-19H Vendredi Ferm\u00e9 16H-19H Samedi 8H30-12H30 Ferm\u00e9 Dimanche Ferm\u00e9 Ferm\u00e9 Ou \u00e9galement sur rendez-vous<\/p>\n","protected":false},"author":1,"featured_media":0,"parent":0,"menu_order":2,"comment_status":"open","ping_status":"closed","template":"","meta":{"footnotes":""},"class_list":["post-2","page","type-page","status-publish","hentry"],"_links":{"self":[{"href":"https:\/\/www.defil-enaiguille.fr\/index.php\/wp-json\/wp\/v2\/pages\/2","targetHints":{"allow":["GET"]}}],"collection":[{"href":"https:\/\/www.defil-enaiguille.fr\/index.php\/wp-json\/wp\/v2\/pages"}],"about":[{"href":"https:\/\/www.defil-enaiguille.fr\/index.php\/wp-json\/wp\/v2\/types\/page"}],"author":[{"embeddable":true,"href":"https:\/\/www.defil-enaiguille.fr\/index.php\/wp-json\/wp\/v2\/users\/1"}],"replies":[{"embeddable":true,"href":"https:\/\/www.defil-enaiguille.fr\/index.php\/wp-json\/wp\/v2\/comments?post=2"}],"version-history":[{"count":18,"href":"https:\/\/www.defil-enaiguille.fr\/index.php\/wp-json\/wp\/v2\/pages\/2\/revisions"}],"predecessor-version":[{"id":144,"href":"https:\/\/www.defil-enaiguille.fr\/index.php\/wp-json\/wp\/v2\/pages\/2\/revisions\/144"}],"wp:attachment":[{"href":"https:\/\/www.defil-enaiguille.fr\/index.php\/wp-json\/wp\/v2\/media?parent=2"}],"curies":[{"name":"wp","href":"https:\/\/api.w.org\/{rel}","templated":true}]}}